{"id":189,"date":"2025-01-10T14:20:49","date_gmt":"2025-01-10T14:20:49","guid":{"rendered":"https:\/\/stellaspizzaprivatechef.com\/?page_id=189"},"modified":"2025-02-25T13:08:28","modified_gmt":"2025-02-25T13:08:28","slug":"workshop-felnotteknek","status":"publish","type":"page","link":"https:\/\/stellaspizzaprivatechef.com\/en\/workshop-felnotteknek\/","title":{"rendered":"Workshop for adults"},"content":{"rendered":"<div data-elementor-type=\"wp-page\" data-elementor-id=\"189\" class=\"elementor elementor-189\">\n\t\t\t\t<div class=\"elementor-element elementor-element-3426099 e-flex e-con-boxed e-con e-parent\" data-id=\"3426099\" data-element_type=\"container\">\n\t\t\t\t\t<div class=\"e-con-inner\">\n\t\t\t\t<div class=\"elementor-element elementor-element-8866de5 elementor-widget elementor-widget-image\" data-id=\"8866de5\" data-element_type=\"widget\" data-widget_type=\"image.default\">\n\t\t\t\t<div class=\"elementor-widget-container\">\n\t\t\t\t\t\t\t\t\t\t\t\t\t\t\t<img fetchpriority=\"high\" decoding=\"async\" width=\"1024\" height=\"569\" src=\"https:\/\/stellaspizzaprivatechef.com\/wp-content\/uploads\/2025\/02\/Kepcsere4-1024x569.png\" class=\"attachment-large size-large wp-image-539\" alt=\"\" srcset=\"https:\/\/stellaspizzaprivatechef.com\/wp-content\/uploads\/2025\/02\/Kepcsere4-1024x569.png 1024w, https:\/\/stellaspizzaprivatechef.com\/wp-content\/uploads\/2025\/02\/Kepcsere4-300x167.png 300w, https:\/\/stellaspizzaprivatechef.com\/wp-content\/uploads\/2025\/02\/Kepcsere4-768x427.png 768w, https:\/\/stellaspizzaprivatechef.com\/wp-content\/uploads\/2025\/02\/Kepcsere4-1536x853.png 1536w, https:\/\/stellaspizzaprivatechef.com\/wp-content\/uploads\/2025\/02\/Kepcsere4-18x10.png 18w, https:\/\/stellaspizzaprivatechef.com\/wp-content\/uploads\/2025\/02\/Kepcsere4.png 1820w\" sizes=\"(max-width: 1024px) 100vw, 1024px\" \/>\t\t\t\t\t\t\t\t\t\t\t\t\t\t\t<\/div>\n\t\t\t\t<\/div>\n\t\t\t\t\t<\/div>\n\t\t\t\t<\/div>\n\t\t<div class=\"elementor-element elementor-element-14f6100 e-flex e-con-boxed e-con e-parent\" data-id=\"14f6100\" data-element_type=\"container\">\n\t\t\t\t\t<div class=\"e-con-inner\">\n\t\t\t\t<div class=\"elementor-element elementor-element-70915b8 elementor-widget elementor-widget-text-editor\" data-id=\"70915b8\" data-element_type=\"widget\" data-widget_type=\"text-editor.default\">\n\t\t\t\t<div class=\"elementor-widget-container\">\n\t\t\t\t\t\t\t\t\t<p><b>Workshop for Adults: an unforgettable experience in the world of Neapolitan pizza!<\/b><\/p><p><span style=\"font-weight: 400;\">Looking for a special team-building or get-together with friends? Immerse yourself in the magical world of Neapolitan pizza making with a unique workshop!<\/span><\/p><p><b>Why choose me?<br \/><\/b><span style=\"font-weight: 400;\"><br \/><\/span><span style=\"font-weight: 400;\">Whether it's a team-building event at work or a get-together with friends, this programme is guaranteed to lift spirits and provide the experience of a lifetime. During the 4-5 hour workshop you will learn all the tricks of the trade of making Neapolitan pizza.<\/span><\/p><p><b>What you can expect<\/b><\/p><ul><li><span style=\"font-weight: 400;\">A comprehensive theoretical and practical introduction to Neapolitan pizza.<\/span><\/li><li style=\"font-weight: 400;\" aria-level=\"1\"><span style=\"font-weight: 400;\">From the basics to making the perfect pizza at home: kneading, rising, stretching, toppings.<\/span><\/li><li style=\"font-weight: 400;\" aria-level=\"1\"><span style=\"font-weight: 400;\">Professional tips and tricks to make your own pizza with confidence.<\/span><\/li><li style=\"font-weight: 400;\" aria-level=\"1\"><span style=\"font-weight: 400;\">A pizza party at the end of the programme, where each participant creates their own masterpiece.<\/span><\/li><\/ul><p><b>What do you need to ensure?<br \/><br \/><\/b><span style=\"font-weight: 400;\">All you need is a 15 m\u00b2 venue, such as a meeting room or a terrace at home. I will bring all the necessary equipment - ovens, tools and premium Italian ingredients - you just have to enjoy working together and have fun!<\/span><\/p><p><b>The topics of the introductory workshop:<\/b><\/p><ul><li style=\"font-weight: 400;\" aria-level=\"1\"><span style=\"font-weight: 400;\">Why is Neapolitan pizza special?<\/span><\/li><li style=\"font-weight: 400;\" aria-level=\"1\"><span style=\"font-weight: 400;\">Choosing the perfect tools and how to use them.<\/span><\/li><li style=\"font-weight: 400;\" aria-level=\"1\"><span style=\"font-weight: 400;\">The basic recipe for authentic Neapolitan pizza, step by step.<\/span><\/li><li style=\"font-weight: 400;\" aria-level=\"1\"><span style=\"font-weight: 400;\">Common mistakes and professional solutions (kneading, rising, stretching, spreading, etc.).<\/span><\/li><\/ul><p><b>What do you gain by participating?<br \/><br \/><\/b><span style=\"font-weight: 400;\">A fun, interactive experience where fun and delicious pizzas are guaranteed. After the workshop, you'll be confident to make authentic Neapolitan pizzas at home - no more ordering pizza.<\/span><\/p><p><span style=\"font-weight: 400;\">Book your own workshop now and enter the art of Neapolitan pizza!<\/span><\/p><p><b>A wide range of theoretical and practical topics!<\/b><\/p>\t\t\t\t\t\t\t\t<\/div>\n\t\t\t\t<\/div>\n\t\t\t\t<div class=\"elementor-element elementor-element-3d523e4 elementor-align-center elementor-widget__width-inherit elementor-widget elementor-widget-button\" data-id=\"3d523e4\" data-element_type=\"widget\" data-widget_type=\"button.default\">\n\t\t\t\t<div class=\"elementor-widget-container\">\n\t\t\t\t\t\t\t\t\t<div class=\"elementor-button-wrapper\">\n\t\t\t\t\t<a class=\"elementor-button elementor-button-link elementor-size-sm\" href=\"https:\/\/stellaspizzaprivatechef.com\/en\/kapcsolat\/\">\n\t\t\t\t\t\t<span class=\"elementor-button-content-wrapper\">\n\t\t\t\t\t\t\t\t\t<span class=\"elementor-button-text\">Sign up<\/span>\n\t\t\t\t\t<\/span>\n\t\t\t\t\t<\/a>\n\t\t\t\t<\/div>\n\t\t\t\t\t\t\t\t<\/div>\n\t\t\t\t<\/div>\n\t\t\t\t\t<\/div>\n\t\t\t\t<\/div>\n\t\t\t\t<\/div>","protected":false},"excerpt":{"rendered":"<p>Workshop Feln\u0151tteknek: Egy felejthetetlen \u00e9lm\u00e9ny a n\u00e1polyi pizza vil\u00e1g\u00e1ban! K\u00fcl\u00f6nleges csapat\u00e9p\u00edt\u00e9sre vagy bar\u00e1ti \u00f6sszej\u00f6vetelre v\u00e1gytok? Mer\u00fcljetek el egy\u00fctt a n\u00e1polyi [&hellip;]<\/p>","protected":false},"author":1,"featured_media":547,"parent":0,"menu_order":0,"comment_status":"closed","ping_status":"closed","template":"","meta":{"_siteseo_robots_primary_cat":"","site-sidebar-layout":"no-sidebar","site-content-layout":"","ast-site-content-layout":"full-width-container","site-content-style":"default","site-sidebar-style":"default","ast-global-header-display":"","ast-banner-title-visibility":"","ast-main-header-display":"","ast-hfb-above-header-display":"","ast-hfb-below-header-display":"","ast-hfb-mobile-header-display":"","site-post-title":"disabled","ast-breadcrumbs-content":"","ast-featured-img":"disabled","footer-sml-layout":"","theme-transparent-header-meta":"default","adv-header-id-meta":"","stick-header-meta":"","header-above-stick-meta":"","header-main-stick-meta":"","header-below-stick-meta":"","astra-migrate-meta-layouts":"set","ast-page-background-enabled":"default","ast-page-background-meta":{"desktop":{"background-color":"var(--ast-global-color-5)","background-image":"","background-repeat":"repeat","background-position":"center center","background-size":"auto","background-attachment":"scroll","background-type":"","background-media":"","overlay-type":"","overlay-color":"","overlay-opacity":"","overlay-gradient":""},"tablet":{"background-color":"","background-image":"","background-repeat":"repeat","background-position":"center center","background-size":"auto","background-attachment":"scroll","background-type":"","background-media":"","overlay-type":"","overlay-color":"","overlay-opacity":"","overlay-gradient":""},"mobile":{"background-color":"","background-image":"","background-repeat":"repeat","background-position":"center center","background-size":"auto","background-attachment":"scroll","background-type":"","background-media":"","overlay-type":"","overlay-color":"","overlay-opacity":"","overlay-gradient":""}},"ast-content-background-meta":{"desktop":{"background-color":"var(--ast-global-color-4)","background-image":"","background-repeat":"repeat","background-position":"center center","background-size":"auto","background-attachment":"scroll","background-type":"","background-media":"","overlay-type":"","overlay-color":"","overlay-opacity":"","overlay-gradient":""},"tablet":{"background-color":"var(--ast-global-color-4)","background-image":"","background-repeat":"repeat","background-position":"center center","background-size":"auto","background-attachment":"scroll","background-type":"","background-media":"","overlay-type":"","overlay-color":"","overlay-opacity":"","overlay-gradient":""},"mobile":{"background-color":"var(--ast-global-color-4)","background-image":"","background-repeat":"repeat","background-position":"center center","background-size":"auto","background-attachment":"scroll","background-type":"","background-media":"","overlay-type":"","overlay-color":"","overlay-opacity":"","overlay-gradient":""}},"footnotes":""},"class_list":["post-189","page","type-page","status-publish","has-post-thumbnail","hentry"],"_links":{"self":[{"href":"https:\/\/stellaspizzaprivatechef.com\/en\/wp-json\/wp\/v2\/pages\/189","targetHints":{"allow":["GET"]}}],"collection":[{"href":"https:\/\/stellaspizzaprivatechef.com\/en\/wp-json\/wp\/v2\/pages"}],"about":[{"href":"https:\/\/stellaspizzaprivatechef.com\/en\/wp-json\/wp\/v2\/types\/page"}],"author":[{"embeddable":true,"href":"https:\/\/stellaspizzaprivatechef.com\/en\/wp-json\/wp\/v2\/users\/1"}],"replies":[{"embeddable":true,"href":"https:\/\/stellaspizzaprivatechef.com\/en\/wp-json\/wp\/v2\/comments?post=189"}],"version-history":[{"count":32,"href":"https:\/\/stellaspizzaprivatechef.com\/en\/wp-json\/wp\/v2\/pages\/189\/revisions"}],"predecessor-version":[{"id":621,"href":"https:\/\/stellaspizzaprivatechef.com\/en\/wp-json\/wp\/v2\/pages\/189\/revisions\/621"}],"wp:featuredmedia":[{"embeddable":true,"href":"https:\/\/stellaspizzaprivatechef.com\/en\/wp-json\/wp\/v2\/media\/547"}],"wp:attachment":[{"href":"https:\/\/stellaspizzaprivatechef.com\/en\/wp-json\/wp\/v2\/media?parent=189"}],"curies":[{"name":"wp","href":"https:\/\/api.w.org\/{rel}","templated":true}]}}