{"id":190,"date":"2025-01-10T14:20:49","date_gmt":"2025-01-10T14:20:49","guid":{"rendered":"https:\/\/stellaspizzaprivatechef.com\/?page_id=190"},"modified":"2025-02-25T13:13:08","modified_gmt":"2025-02-25T13:13:08","slug":"workshop-gyerekeknek","status":"publish","type":"page","link":"https:\/\/stellaspizzaprivatechef.com\/en\/workshop-gyerekeknek\/","title":{"rendered":"Workshop for children"},"content":{"rendered":"<div data-elementor-type=\"wp-page\" data-elementor-id=\"190\" class=\"elementor elementor-190\">\n\t\t\t\t<div class=\"elementor-element elementor-element-fa164b1 e-flex e-con-boxed e-con e-parent\" data-id=\"fa164b1\" data-element_type=\"container\">\n\t\t\t\t\t<div class=\"e-con-inner\">\n\t\t\t\t<div class=\"elementor-element elementor-element-b030da0 elementor-widget elementor-widget-image\" data-id=\"b030da0\" data-element_type=\"widget\" data-widget_type=\"image.default\">\n\t\t\t\t<div class=\"elementor-widget-container\">\n\t\t\t\t\t\t\t\t\t\t\t\t\t\t\t<img fetchpriority=\"high\" decoding=\"async\" width=\"1024\" height=\"569\" src=\"https:\/\/stellaspizzaprivatechef.com\/wp-content\/uploads\/2025\/02\/Kepcsere5-1024x569.png\" class=\"attachment-large size-large wp-image-543\" alt=\"\" srcset=\"https:\/\/stellaspizzaprivatechef.com\/wp-content\/uploads\/2025\/02\/Kepcsere5-1024x569.png 1024w, https:\/\/stellaspizzaprivatechef.com\/wp-content\/uploads\/2025\/02\/Kepcsere5-300x167.png 300w, https:\/\/stellaspizzaprivatechef.com\/wp-content\/uploads\/2025\/02\/Kepcsere5-768x427.png 768w, https:\/\/stellaspizzaprivatechef.com\/wp-content\/uploads\/2025\/02\/Kepcsere5-1536x853.png 1536w, https:\/\/stellaspizzaprivatechef.com\/wp-content\/uploads\/2025\/02\/Kepcsere5-18x10.png 18w, https:\/\/stellaspizzaprivatechef.com\/wp-content\/uploads\/2025\/02\/Kepcsere5.png 1800w\" sizes=\"(max-width: 1024px) 100vw, 1024px\" \/>\t\t\t\t\t\t\t\t\t\t\t\t\t\t\t<\/div>\n\t\t\t\t<\/div>\n\t\t\t\t\t<\/div>\n\t\t\t\t<\/div>\n\t\t<div class=\"elementor-element elementor-element-7dcff79 e-flex e-con-boxed e-con e-parent\" data-id=\"7dcff79\" data-element_type=\"container\">\n\t\t\t\t\t<div class=\"e-con-inner\">\n\t\t\t\t<div class=\"elementor-element elementor-element-656ea17 elementor-widget elementor-widget-text-editor\" data-id=\"656ea17\" data-element_type=\"widget\" data-widget_type=\"text-editor.default\">\n\t\t\t\t<div class=\"elementor-widget-container\">\n\t\t\t\t\t\t\t\t\t<p><b>Pizza Making Workshop for Kids: An unforgettable, delicious experience!<\/b><\/p><p><span style=\"font-weight: 400;\">Did you know that pizza is the favourite food of most children? If you want your children or students aged 5-18 to participate in a special activity where they not only make delicious food but also learn, sign up for my pizza making workshop!<\/span><\/p><p><span style=\"font-weight: 400;\">The programme is ideal for both individual participants and groups (schools, kindergartens, institutions).<\/span><\/p><p><b>What can children expect at the workshop?<\/b><\/p><ul><li style=\"font-weight: 400;\" aria-level=\"1\"><span style=\"font-weight: 400;\">They make their own pizza: the dough is stretched, topped and then baked.<\/span><\/li><li style=\"font-weight: 400;\" aria-level=\"1\"><span style=\"font-weight: 400;\">We eat the freshly baked pizzas together.<\/span><\/li><li style=\"font-weight: 400;\" aria-level=\"1\"><span style=\"font-weight: 400;\">With interesting stories about the origins and behind-the-scenes of pizza, the programme is not only entertaining but also educational.<\/span><\/li><\/ul><p><b>Workshop details:<\/b><\/p><ul><li style=\"font-weight: 400;\" aria-level=\"1\"><b>Duration of time:<\/b><span style=\"font-weight: 400;\"> 1 hour<\/span><\/li><li style=\"font-weight: 400;\" aria-level=\"1\"><b>Program:<\/b><span style=\"font-weight: 400;\"> Practical pizza making, sharing pizzas and storytelling<\/span><\/li><\/ul><p><b>What do you need to ensure?<br \/><\/b><span style=\"font-weight: 400;\"><br \/><\/span><span style=\"font-weight: 400;\">All you need is a 15 m\u00b2 venue, such as a nursery, school classroom or any similar space. I bring the necessary ovens, tools and premium ingredients. All the kids have to do is concentrate on the fun and excitement of making pizza.<\/span><\/p><p><b>Contact and apply<br \/><br \/><\/b><span style=\"font-weight: 400;\">For more information, to make an appointment and to book the workshop, please contact me! Let the kids be part of an unforgettable gastronomic adventure!<\/span><\/p>\t\t\t\t\t\t\t\t<\/div>\n\t\t\t\t<\/div>\n\t\t\t\t\t<\/div>\n\t\t\t\t<\/div>\n\t\t<div class=\"elementor-element elementor-element-f099dff e-flex e-con-boxed e-con e-parent\" data-id=\"f099dff\" data-element_type=\"container\">\n\t\t\t\t\t<div class=\"e-con-inner\">\n\t\t\t\t<div class=\"elementor-element elementor-element-b2f7b1d elementor-align-center elementor-widget elementor-widget-button\" data-id=\"b2f7b1d\" data-element_type=\"widget\" data-widget_type=\"button.default\">\n\t\t\t\t<div class=\"elementor-widget-container\">\n\t\t\t\t\t\t\t\t\t<div class=\"elementor-button-wrapper\">\n\t\t\t\t\t<a class=\"elementor-button elementor-button-link elementor-size-sm\" href=\"https:\/\/stellaspizzaprivatechef.com\/en\/kapcsolat\/\">\n\t\t\t\t\t\t<span class=\"elementor-button-content-wrapper\">\n\t\t\t\t\t\t\t\t\t<span class=\"elementor-button-text\">Sign up<\/span>\n\t\t\t\t\t<\/span>\n\t\t\t\t\t<\/a>\n\t\t\t\t<\/div>\n\t\t\t\t\t\t\t\t<\/div>\n\t\t\t\t<\/div>\n\t\t\t\t\t<\/div>\n\t\t\t\t<\/div>\n\t\t\t\t<\/div>","protected":false},"excerpt":{"rendered":"<p>Pizzak\u00e9sz\u00edt\u0151 Workshop Gyerekeknek: Egy felejthetetlen, \u00edzletes \u00e9lm\u00e9ny! Tudtad, hogy a pizza a legt\u00f6bb gyerek kedvenc \u00e9tele? Ha szeretn\u00e9d, hogy 5\u201318 [&hellip;]<\/p>","protected":false},"author":1,"featured_media":543,"parent":0,"menu_order":0,"comment_status":"closed","ping_status":"closed","template":"","meta":{"_siteseo_robots_primary_cat":"","site-sidebar-layout":"no-sidebar","site-content-layout":"","ast-site-content-layout":"full-width-container","site-content-style":"default","site-sidebar-style":"default","ast-global-header-display":"","ast-banner-title-visibility":"","ast-main-header-display":"","ast-hfb-above-header-display":"","ast-hfb-below-header-display":"","ast-hfb-mobile-header-display":"","site-post-title":"disabled","ast-breadcrumbs-content":"","ast-featured-img":"disabled","footer-sml-layout":"","theme-transparent-header-meta":"default","adv-header-id-meta":"","stick-header-meta":"","header-above-stick-meta":"","header-main-stick-meta":"","header-below-stick-meta":"","astra-migrate-meta-layouts":"set","ast-page-background-enabled":"default","ast-page-background-meta":{"desktop":{"background-color":"var(--ast-global-color-5)","background-image":"","background-repeat":"repeat","background-position":"center center","background-size":"auto","background-attachment":"scroll","background-type":"","background-media":"","overlay-type":"","overlay-color":"","overlay-opacity":"","overlay-gradient":""},"tablet":{"background-color":"","background-image":"","background-repeat":"repeat","background-position":"center center","background-size":"auto","background-attachment":"scroll","background-type":"","background-media":"","overlay-type":"","overlay-color":"","overlay-opacity":"","overlay-gradient":""},"mobile":{"background-color":"","background-image":"","background-repeat":"repeat","background-position":"center center","background-size":"auto","background-attachment":"scroll","background-type":"","background-media":"","overlay-type":"","overlay-color":"","overlay-opacity":"","overlay-gradient":""}},"ast-content-background-meta":{"desktop":{"background-color":"var(--ast-global-color-4)","background-image":"","background-repeat":"repeat","background-position":"center center","background-size":"auto","background-attachment":"scroll","background-type":"","background-media":"","overlay-type":"","overlay-color":"","overlay-opacity":"","overlay-gradient":""},"tablet":{"background-color":"var(--ast-global-color-4)","background-image":"","background-repeat":"repeat","background-position":"center center","background-size":"auto","background-attachment":"scroll","background-type":"","background-media":"","overlay-type":"","overlay-color":"","overlay-opacity":"","overlay-gradient":""},"mobile":{"background-color":"var(--ast-global-color-4)","background-image":"","background-repeat":"repeat","background-position":"center center","background-size":"auto","background-attachment":"scroll","background-type":"","background-media":"","overlay-type":"","overlay-color":"","overlay-opacity":"","overlay-gradient":""}},"footnotes":""},"class_list":["post-190","page","type-page","status-publish","has-post-thumbnail","hentry"],"_links":{"self":[{"href":"https:\/\/stellaspizzaprivatechef.com\/en\/wp-json\/wp\/v2\/pages\/190","targetHints":{"allow":["GET"]}}],"collection":[{"href":"https:\/\/stellaspizzaprivatechef.com\/en\/wp-json\/wp\/v2\/pages"}],"about":[{"href":"https:\/\/stellaspizzaprivatechef.com\/en\/wp-json\/wp\/v2\/types\/page"}],"author":[{"embeddable":true,"href":"https:\/\/stellaspizzaprivatechef.com\/en\/wp-json\/wp\/v2\/users\/1"}],"replies":[{"embeddable":true,"href":"https:\/\/stellaspizzaprivatechef.com\/en\/wp-json\/wp\/v2\/comments?post=190"}],"version-history":[{"count":32,"href":"https:\/\/stellaspizzaprivatechef.com\/en\/wp-json\/wp\/v2\/pages\/190\/revisions"}],"predecessor-version":[{"id":622,"href":"https:\/\/stellaspizzaprivatechef.com\/en\/wp-json\/wp\/v2\/pages\/190\/revisions\/622"}],"wp:featuredmedia":[{"embeddable":true,"href":"https:\/\/stellaspizzaprivatechef.com\/en\/wp-json\/wp\/v2\/media\/543"}],"wp:attachment":[{"href":"https:\/\/stellaspizzaprivatechef.com\/en\/wp-json\/wp\/v2\/media?parent=190"}],"curies":[{"name":"wp","href":"https:\/\/api.w.org\/{rel}","templated":true}]}}