{"id":261,"date":"2025-01-16T09:44:41","date_gmt":"2025-01-16T09:44:41","guid":{"rendered":"https:\/\/stellaspizzaprivatechef.com\/?page_id=261"},"modified":"2025-02-25T13:16:34","modified_gmt":"2025-02-25T13:16:34","slug":"ettermeknek-szakmai-konzultacio","status":"publish","type":"page","link":"https:\/\/stellaspizzaprivatechef.com\/en\/ettermeknek-szakmai-konzultacio\/","title":{"rendered":"Consultation for restaurants"},"content":{"rendered":"<div data-elementor-type=\"wp-page\" data-elementor-id=\"261\" class=\"elementor elementor-261\">\n\t\t\t\t<div class=\"elementor-element elementor-element-e110f71 e-flex e-con-boxed e-con e-parent\" data-id=\"e110f71\" data-element_type=\"container\">\n\t\t\t\t\t<div class=\"e-con-inner\">\n\t\t\t\t<div class=\"elementor-element elementor-element-e10ab3f elementor-widget elementor-widget-image\" data-id=\"e10ab3f\" data-element_type=\"widget\" data-widget_type=\"image.default\">\n\t\t\t\t<div class=\"elementor-widget-container\">\n\t\t\t\t\t\t\t\t\t\t\t\t\t\t\t<img fetchpriority=\"high\" decoding=\"async\" width=\"1024\" height=\"569\" src=\"https:\/\/stellaspizzaprivatechef.com\/wp-content\/uploads\/2025\/02\/Kepcsere6-1024x569.png\" class=\"attachment-large size-large wp-image-547\" alt=\"\" srcset=\"https:\/\/stellaspizzaprivatechef.com\/wp-content\/uploads\/2025\/02\/Kepcsere6-1024x569.png 1024w, https:\/\/stellaspizzaprivatechef.com\/wp-content\/uploads\/2025\/02\/Kepcsere6-300x167.png 300w, https:\/\/stellaspizzaprivatechef.com\/wp-content\/uploads\/2025\/02\/Kepcsere6-768x427.png 768w, https:\/\/stellaspizzaprivatechef.com\/wp-content\/uploads\/2025\/02\/Kepcsere6-1536x853.png 1536w, https:\/\/stellaspizzaprivatechef.com\/wp-content\/uploads\/2025\/02\/Kepcsere6-18x10.png 18w, https:\/\/stellaspizzaprivatechef.com\/wp-content\/uploads\/2025\/02\/Kepcsere6.png 1800w\" sizes=\"(max-width: 1024px) 100vw, 1024px\" \/>\t\t\t\t\t\t\t\t\t\t\t\t\t\t\t<\/div>\n\t\t\t\t<\/div>\n\t\t\t\t\t<\/div>\n\t\t\t\t<\/div>\n\t\t<div class=\"elementor-element elementor-element-9a9ed04 e-flex e-con-boxed e-con e-parent\" data-id=\"9a9ed04\" data-element_type=\"container\">\n\t\t\t\t\t<div class=\"e-con-inner\">\n\t\t\t\t<div class=\"elementor-element elementor-element-0a53e99 elementor-widget__width-inherit elementor-widget elementor-widget-text-editor\" data-id=\"0a53e99\" data-element_type=\"widget\" data-widget_type=\"text-editor.default\">\n\t\t\t\t<div class=\"elementor-widget-container\">\n\t\t\t\t\t\t\t\t\t<p><b>Consultation for restaurants<\/b><\/p><p><span style=\"font-weight: 400;\">Looking to add Neapolitan pizza to your restaurant? I provide professional assistance to restaurants and pizzerias that want to offer their customers authentic Neapolitan pizza. I can help you with everything from the selection of ingredients to the implementation of the right technological and baking methods to achieve the highest quality in your restaurant. Whether it's developing a new concept or improving an existing offering, I can support your goals with my expertise.<\/span><\/p><p><span style=\"font-weight: 400;\">For details and appointment contact me!<\/span><\/p>\t\t\t\t\t\t\t\t<\/div>\n\t\t\t\t<\/div>\n\t\t\t\t\t<\/div>\n\t\t\t\t<\/div>\n\t\t<div class=\"elementor-element elementor-element-b0ff10f e-flex e-con-boxed e-con e-parent\" data-id=\"b0ff10f\" data-element_type=\"container\">\n\t\t\t\t\t<div class=\"e-con-inner\">\n\t\t\t\t<div class=\"elementor-element elementor-element-ea8acaf elementor-align-center elementor-widget elementor-widget-button\" data-id=\"ea8acaf\" data-element_type=\"widget\" data-widget_type=\"button.default\">\n\t\t\t\t<div class=\"elementor-widget-container\">\n\t\t\t\t\t\t\t\t\t<div class=\"elementor-button-wrapper\">\n\t\t\t\t\t<a class=\"elementor-button elementor-button-link elementor-size-sm\" href=\"https:\/\/stellaspizzaprivatechef.com\/en\/kapcsolat\/\">\n\t\t\t\t\t\t<span class=\"elementor-button-content-wrapper\">\n\t\t\t\t\t\t\t\t\t<span class=\"elementor-button-text\">Sign up<\/span>\n\t\t\t\t\t<\/span>\n\t\t\t\t\t<\/a>\n\t\t\t\t<\/div>\n\t\t\t\t\t\t\t\t<\/div>\n\t\t\t\t<\/div>\n\t\t\t\t\t<\/div>\n\t\t\t\t<\/div>\n\t\t\t\t<\/div>","protected":false},"excerpt":{"rendered":"<p>\u00c9ttermeknek szakmai konzult\u00e1ci\u00f3 N\u00e1polyi pizz\u00e1val szeretn\u00e9 b\u0151v\u00edteni \u00e9tterme k\u00edn\u00e1lat\u00e1t? Szakmai asszisztenci\u00e1t ny\u00fajtok \u00e9ttermek \u00e9s pizz\u0117ri\u00e1k sz\u00e1m\u00e1ra, akik autentikus napolyi pizzat [&hellip;]<\/p>","protected":false},"author":1,"featured_media":547,"parent":0,"menu_order":0,"comment_status":"closed","ping_status":"closed","template":"","meta":{"_siteseo_robots_primary_cat":"","site-sidebar-layout":"no-sidebar","site-content-layout":"","ast-site-content-layout":"full-width-container","site-content-style":"default","site-sidebar-style":"default","ast-global-header-display":"","ast-banner-title-visibility":"","ast-main-header-display":"","ast-hfb-above-header-display":"","ast-hfb-below-header-display":"","ast-hfb-mobile-header-display":"","site-post-title":"disabled","ast-breadcrumbs-content":"","ast-featured-img":"disabled","footer-sml-layout":"","theme-transparent-header-meta":"default","adv-header-id-meta":"","stick-header-meta":"","header-above-stick-meta":"","header-main-stick-meta":"","header-below-stick-meta":"","astra-migrate-meta-layouts":"set","ast-page-background-enabled":"default","ast-page-background-meta":{"desktop":{"background-color":"var(--ast-global-color-5)","background-image":"","background-repeat":"repeat","background-position":"center center","background-size":"auto","background-attachment":"scroll","background-type":"","background-media":"","overlay-type":"","overlay-color":"","overlay-opacity":"","overlay-gradient":""},"tablet":{"background-color":"","background-image":"","background-repeat":"repeat","background-position":"center center","background-size":"auto","background-attachment":"scroll","background-type":"","background-media":"","overlay-type":"","overlay-color":"","overlay-opacity":"","overlay-gradient":""},"mobile":{"background-color":"","background-image":"","background-repeat":"repeat","background-position":"center center","background-size":"auto","background-attachment":"scroll","background-type":"","background-media":"","overlay-type":"","overlay-color":"","overlay-opacity":"","overlay-gradient":""}},"ast-content-background-meta":{"desktop":{"background-color":"var(--ast-global-color-4)","background-image":"","background-repeat":"repeat","background-position":"center center","background-size":"auto","background-attachment":"scroll","background-type":"","background-media":"","overlay-type":"","overlay-color":"","overlay-opacity":"","overlay-gradient":""},"tablet":{"background-color":"var(--ast-global-color-4)","background-image":"","background-repeat":"repeat","background-position":"center center","background-size":"auto","background-attachment":"scroll","background-type":"","background-media":"","overlay-type":"","overlay-color":"","overlay-opacity":"","overlay-gradient":""},"mobile":{"background-color":"var(--ast-global-color-4)","background-image":"","background-repeat":"repeat","background-position":"center center","background-size":"auto","background-attachment":"scroll","background-type":"","background-media":"","overlay-type":"","overlay-color":"","overlay-opacity":"","overlay-gradient":""}},"footnotes":""},"class_list":["post-261","page","type-page","status-publish","has-post-thumbnail","hentry"],"_links":{"self":[{"href":"https:\/\/stellaspizzaprivatechef.com\/en\/wp-json\/wp\/v2\/pages\/261","targetHints":{"allow":["GET"]}}],"collection":[{"href":"https:\/\/stellaspizzaprivatechef.com\/en\/wp-json\/wp\/v2\/pages"}],"about":[{"href":"https:\/\/stellaspizzaprivatechef.com\/en\/wp-json\/wp\/v2\/types\/page"}],"author":[{"embeddable":true,"href":"https:\/\/stellaspizzaprivatechef.com\/en\/wp-json\/wp\/v2\/users\/1"}],"replies":[{"embeddable":true,"href":"https:\/\/stellaspizzaprivatechef.com\/en\/wp-json\/wp\/v2\/comments?post=261"}],"version-history":[{"count":14,"href":"https:\/\/stellaspizzaprivatechef.com\/en\/wp-json\/wp\/v2\/pages\/261\/revisions"}],"predecessor-version":[{"id":623,"href":"https:\/\/stellaspizzaprivatechef.com\/en\/wp-json\/wp\/v2\/pages\/261\/revisions\/623"}],"wp:featuredmedia":[{"embeddable":true,"href":"https:\/\/stellaspizzaprivatechef.com\/en\/wp-json\/wp\/v2\/media\/547"}],"wp:attachment":[{"href":"https:\/\/stellaspizzaprivatechef.com\/en\/wp-json\/wp\/v2\/media?parent=261"}],"curies":[{"name":"wp","href":"https:\/\/api.w.org\/{rel}","templated":true}]}}