{"id":318,"date":"2025-01-16T12:53:51","date_gmt":"2025-01-16T12:53:51","guid":{"rendered":"https:\/\/stellaspizzaprivatechef.com\/?page_id=318"},"modified":"2025-03-01T09:46:22","modified_gmt":"2025-03-01T09:46:22","slug":"impresszum","status":"publish","type":"page","link":"https:\/\/stellaspizzaprivatechef.com\/en\/impresszum\/","title":{"rendered":"Impressum"},"content":{"rendered":"<div data-elementor-type=\"wp-page\" data-elementor-id=\"318\" class=\"elementor elementor-318\">\n\t\t\t\t<div class=\"elementor-element elementor-element-cc21a7a e-flex e-con-boxed e-con e-parent\" data-id=\"cc21a7a\" data-element_type=\"container\">\n\t\t\t\t\t<div class=\"e-con-inner\">\n\t\t\t\t<div class=\"elementor-element elementor-element-3217787 elementor-widget elementor-widget-text-editor\" data-id=\"3217787\" data-element_type=\"widget\" data-widget_type=\"text-editor.default\">\n\t\t\t\t<div class=\"elementor-widget-container\">\n\t\t\t\t\t\t\t\t\t<div class=\"gmail_default\"><strong>Weboldal \u00fczemeltet\u0151:<\/strong><\/div><div class=\"gmail_default\">Kedvenc Kft.<\/div><div>\u00a0<\/div><div class=\"gmail_default\"><strong>Sz\u00e9khelye:<\/strong><\/div><div class=\"gmail_default\">Budapest 1161, Cs\u00f6m\u00f6ri \u00fat 139.<\/div><div>\u00a0<\/div><div class=\"gmail_default\"><strong>El\u00e9rhet\u0151s\u00e9gek:<\/strong><\/div><div class=\"gmail_default\"><a href=\"mailto:stella@stellaspizzaprivatechef.com\" target=\"_blank\" rel=\"noopener\">stella@<wbr \/>stellaspizzaprivatechef.com<\/a><\/div><div>\u00a0<\/div><div class=\"gmail_default\"><strong>A t\u00e1rhelyszolg\u00e1ltat\u00f3:<\/strong><\/div><div class=\"gmail_default\">T\u00e1rhely.Eu Kft.<br \/><a href=\"tel: 36 1 789-2-789\" target=\"_blank\" rel=\"noopener\">+36 1 789-2-789<\/a><br \/>1097\u00a0Budapest,\u00a0K\u00f6nyves K\u00e1lm\u00e1n k\u00f6r\u00fat 12-14.<br \/><a href=\"https:\/\/tarhely.eu\/\" target=\"_blank\" rel=\"noopener\" data-saferedirecturl=\"https:\/\/www.google.com\/url?q=https:\/\/tarhely.eu\/&amp;source=gmail&amp;ust=1740854686024000&amp;usg=AOvVaw0-RSme_GAPHOUleCm6nwpj\">tarhely.eu<\/a><br \/><br \/><\/div><div class=\"gmail_default\"><a href=\"mailto:support@tarhely.eu\" target=\"_blank\" rel=\"noopener\">support@tarhely.eu<\/a><\/div>\t\t\t\t\t\t\t\t<\/div>\n\t\t\t\t<\/div>\n\t\t\t\t\t<\/div>\n\t\t\t\t<\/div>\n\t\t\t\t<\/div>","protected":false},"excerpt":{"rendered":"<p>Weboldal \u00fczemeltet\u0151:Kedvenc Kft.\u00a0Sz\u00e9khelye:Budapest 1161, Cs\u00f6m\u00f6ri \u00fat 139.\u00a0El\u00e9rhet\u0151s\u00e9gek:stella@stellaspizzaprivatechef.com\u00a0A t\u00e1rhelyszolg\u00e1ltat\u00f3:T\u00e1rhely.Eu Kft.+36 1 789-2-7891097\u00a0Budapest,\u00a0K\u00f6nyves K\u00e1lm\u00e1n k\u00f6r\u00fat 12-14.tarhely.eu support@tarhely.eu<\/p>","protected":false},"author":1,"featured_media":0,"parent":0,"menu_order":0,"comment_status":"closed","ping_status":"closed","template":"","meta":{"_siteseo_robots_primary_cat":"","site-sidebar-layout":"no-sidebar","site-content-layout":"","ast-site-content-layout":"full-width-container","site-content-style":"default","site-sidebar-style":"default","ast-global-header-display":"","ast-banner-title-visibility":"","ast-main-header-display":"","ast-hfb-above-header-display":"","ast-hfb-below-header-display":"","ast-hfb-mobile-header-display":"","site-post-title":"disabled","ast-breadcrumbs-content":"","ast-featured-img":"disabled","footer-sml-layout":"","theme-transparent-header-meta":"","adv-header-id-meta":"","stick-header-meta":"","header-above-stick-meta":"","header-main-stick-meta":"","header-below-stick-meta":"","astra-migrate-meta-layouts":"default","ast-page-background-enabled":"default","ast-page-background-meta":{"desktop":{"background-color":"var(--ast-global-color-5)","background-image":"","background-repeat":"repeat","background-position":"center center","background-size":"auto","background-attachment":"scroll","background-type":"","background-media":"","overlay-type":"","overlay-color":"","overlay-opacity":"","overlay-gradient":""},"tablet":{"background-color":"","background-image":"","background-repeat":"repeat","background-position":"center center","background-size":"auto","background-attachment":"scroll","background-type":"","background-media":"","overlay-type":"","overlay-color":"","overlay-opacity":"","overlay-gradient":""},"mobile":{"background-color":"","background-image":"","background-repeat":"repeat","background-position":"center center","background-size":"auto","background-attachment":"scroll","background-type":"","background-media":"","overlay-type":"","overlay-color":"","overlay-opacity":"","overlay-gradient":""}},"ast-content-background-meta":{"desktop":{"background-color":"var(--ast-global-color-4)","background-image":"","background-repeat":"repeat","background-position":"center center","background-size":"auto","background-attachment":"scroll","background-type":"","background-media":"","overlay-type":"","overlay-color":"","overlay-opacity":"","overlay-gradient":""},"tablet":{"background-color":"var(--ast-global-color-4)","background-image":"","background-repeat":"repeat","background-position":"center center","background-size":"auto","background-attachment":"scroll","background-type":"","background-media":"","overlay-type":"","overlay-color":"","overlay-opacity":"","overlay-gradient":""},"mobile":{"background-color":"var(--ast-global-color-4)","background-image":"","background-repeat":"repeat","background-position":"center center","background-size":"auto","background-attachment":"scroll","background-type":"","background-media":"","overlay-type":"","overlay-color":"","overlay-opacity":"","overlay-gradient":""}},"footnotes":""},"class_list":["post-318","page","type-page","status-publish","hentry"],"_links":{"self":[{"href":"https:\/\/stellaspizzaprivatechef.com\/en\/wp-json\/wp\/v2\/pages\/318","targetHints":{"allow":["GET"]}}],"collection":[{"href":"https:\/\/stellaspizzaprivatechef.com\/en\/wp-json\/wp\/v2\/pages"}],"about":[{"href":"https:\/\/stellaspizzaprivatechef.com\/en\/wp-json\/wp\/v2\/types\/page"}],"author":[{"embeddable":true,"href":"https:\/\/stellaspizzaprivatechef.com\/en\/wp-json\/wp\/v2\/users\/1"}],"replies":[{"embeddable":true,"href":"https:\/\/stellaspizzaprivatechef.com\/en\/wp-json\/wp\/v2\/comments?post=318"}],"version-history":[{"count":4,"href":"https:\/\/stellaspizzaprivatechef.com\/en\/wp-json\/wp\/v2\/pages\/318\/revisions"}],"predecessor-version":[{"id":628,"href":"https:\/\/stellaspizzaprivatechef.com\/en\/wp-json\/wp\/v2\/pages\/318\/revisions\/628"}],"wp:attachment":[{"href":"https:\/\/stellaspizzaprivatechef.com\/en\/wp-json\/wp\/v2\/media?parent=318"}],"curies":[{"name":"wp","href":"https:\/\/api.w.org\/{rel}","templated":true}]}}