{"id":322,"date":"2025-01-16T12:53:51","date_gmt":"2025-01-16T12:53:51","guid":{"rendered":"https:\/\/stellaspizzaprivatechef.com\/?page_id=322"},"modified":"2025-03-01T09:47:17","modified_gmt":"2025-03-01T09:47:17","slug":"cookie-nyilatkozat","status":"publish","type":"page","link":"https:\/\/stellaspizzaprivatechef.com\/en\/cookie-nyilatkozat\/","title":{"rendered":"COOKIE Nyilatkozat"},"content":{"rendered":"<div data-elementor-type=\"wp-page\" data-elementor-id=\"322\" class=\"elementor elementor-322\">\n\t\t\t\t<div class=\"elementor-element elementor-element-29878c7 e-flex e-con-boxed e-con e-parent\" data-id=\"29878c7\" data-element_type=\"container\">\n\t\t\t\t\t<div class=\"e-con-inner\">\n\t\t\t\t<div class=\"elementor-element elementor-element-fc0de91 elementor-widget elementor-widget-text-editor\" data-id=\"fc0de91\" data-element_type=\"widget\" data-widget_type=\"text-editor.default\">\n\t\t\t\t<div class=\"elementor-widget-container\">\n\t\t\t\t\t\t\t\t\t<p><b>A k\u00fcls\u0151 szolg\u00e1ltat\u00f3k a testre szabott kiszolg\u00e1l\u00e1s \u00e9rdek\u00e9ben a felhaszn\u00e1l\u00f3 sz\u00e1m\u00edt\u00f3g\u00e9p\u00e9n kis adatcsomagot, \u00fan. s\u00fctit (cookie) helyeznek el \u00e9s olvasnak vissza. Ha a b\u00f6ng\u00e9sz\u0151 visszak\u00fcld egy kor\u00e1bban elmentett s\u00fctit, az azt kezel\u0151 szolg\u00e1ltat\u00f3nak lehet\u0151s\u00e9ge van \u00f6sszekapcsolni a felhaszn\u00e1l\u00f3 aktu\u00e1lis l\u00e1togat\u00e1s\u00e1t a kor\u00e1bbiakkal, de kiz\u00e1r\u00f3lag a saj\u00e1t tartalma tekintet\u00e9ben.<\/b>\u00a0<b>A s\u00fctit a felhaszn\u00e1l\u00f3 k\u00e9pes t\u00f6r\u00f6lni saj\u00e1t sz\u00e1m\u00edt\u00f3g\u00e9p\u00e9r\u0151l, illetve letilthatja b\u00f6ng\u00e9sz\u0151j\u00e9ben a s\u00fctik alkalmaz\u00e1s\u00e1t. A s\u00fctik kezel\u00e9s\u00e9re \u00e1ltal\u00e1ban a b\u00f6ng\u00e9sz\u0151k Eszk\u00f6z\u00f6k\/Be\u00e1ll\u00edt\u00e1sok men\u00fcj\u00e9ben az Adatv\u00e9delem be\u00e1ll\u00edt\u00e1sai alatt, cookie vagy s\u00fcti megnevez\u00e9ssel van lehet\u0151s\u00e9g.<\/b>\u00a0\u00a0\u00a0<\/p><p>Az audit\u00e1l\u00e1s\u00e1t k\u00fcls\u0151 szolg\u00e1ltat\u00f3k\u00e9nt a Google Analytics szervere s\u00a0eg\u00edti. A m\u00e9r\u00e9si adatok kezel\u00e9s\u00e9r\u0151l az adatkezel\u0151 a\u00a0<a href=\"http:\/\/www.google-analytics.com\/\">www.google-analytics.com<\/a>\u00a0c\u00edmen tud r\u00e9szletes felvil\u00e1gos\u00edt\u00e1st ny\u00fajtani.\u00a0Az online \u00fcgyf\u00e9lszolg\u00e1lat chatszerver\u00e9t a PromptSaaS Inc., (K7M 2J8 Ontario, Kingston, Baiden Street 48., Kanada) m\u0171k\u00f6dteti. A c\u00e9g adatkezel\u00e9s\u00e9r\u0151l a\u00a0<a href=\"http:\/\/ugyfelchat.hu\/\">http:\/\/ugyfelchat.hu\/<\/a>\u00a0 c\u00edmen el\u00e9rhet\u0151 honlapj\u00e1n t\u00e1j\u00e9koz\u00f3dhat.\u00a0<b>Az adatkezel\u00e9s c\u00e9lja:<\/b><i>\u00a0<\/i>\u00a0Az adatkezel\u0151 honlapj\u00e1nak haszn\u00e1latakor adatkezel\u0151 kism\u00e9ret\u0171, a felhaszn\u00e1l\u00f3val k\u00f6zvetlen\u00fcl kapcsolatba nem hozhat\u00f3 adatokat is tartalmaz\u00f3 adatf\u00e1jlokat (cookie) telep\u00edt a felhaszn\u00e1l\u00f3 sz\u00e1m\u00edt\u00f3g\u00e9p\u00e9re az al\u00e1bbi c\u00e9lokb\u00f3l:\u00a0adatfeljegyz\u00e9s\u00a0a felhaszn\u00e1l\u00f3 azonos\u00edt\u00e1sa\u00a0a felhaszn\u00e1l\u00f3 tov\u00e1bbi l\u00e1togat\u00e1sainak megk\u00f6nny\u00edt\u00e9se\u00a0a szolg\u00e1ltat\u00e1s hat\u00e9konys\u00e1g\u00e1nak n\u00f6vel\u00e9se\u00a0a felhaszn\u00e1l\u00f3 sz\u00e1m\u00e1ra c\u00e9lzott rekl\u00e1m vagy egy\u00e9b c\u00e9lzott tartalom eljuttat\u00e1sa vagy piackutat\u00e1s c\u00e9lj\u00e1b\u00f3l\u00a0a felhaszn\u00e1l\u00f3k azonos\u00edt\u00e1sa, egym\u00e1st\u00f3l val\u00f3 megk\u00fcl\u00f6nb\u00f6ztet\u00e9se, a felhaszn\u00e1l\u00f3k aktu\u00e1lis munkamenet\u00e9nek azonos\u00edt\u00e1sa, az annak sor\u00e1n megadott adatok t\u00e1rol\u00e1sa, az adatveszt\u00e9s megakad\u00e1lyoz\u00e1sa (PHPSESSID), a chatkapcsolat m\u0171k\u00f6d\u00e9se (PCJSF_Processor_SURL, PCJSF_Tracker_Key, PCJSF), a l\u00e1togat\u00f3k azonos\u00edt\u00e1sa (PAPVisitorId).\u00a0\u00a0\u00a0<b>Az adatkezel\u00e9s jogalapja:<\/b><i>\u00a0<\/i>az \u00e9rintett hozz\u00e1j\u00e1rul\u00e1sa.\u00a0<b>A kezelt adatok k\u00f6re<\/b><i>:<\/i>\u00a0azonos\u00edt\u00f3sz\u00e1m, d\u00e1tum, id\u0151pont.\u00a0<b>Az adatkezel\u00e9s id\u0151tartama:<\/b>\u00a0a munkamenet lez\u00e1rult\u00e1ig (PHPSESSID),\u00a02 \u00f3ra (PCJSF_Processor_SURL)\u00a01 \u00f3ra (PCJSF_Tracker_Key, PCJSF), valamint\u00a02 \u00e9v (PAPVisitorId).\u00a0Adatkezel\u0151 a testre szabott kiszolg\u00e1l\u00e1s \u00e9rdek\u00e9ben a felhaszn\u00e1l\u00f3 sz\u00e1m\u00edt\u00f3g\u00e9p\u00e9n kis adatcsomagot,\u00a0\u00fan. s\u00fctit (cookie) helyez el \u00e9s olvas vissza. Ha a b\u00f6ng\u00e9sz\u0151 visszak\u00fcld egy kor\u00e1bban elmentett s\u00fctit,\u00a0a s\u00fctit kezel\u0151 szolg\u00e1ltat\u00f3nak lehet\u0151s\u00e9ge van \u00f6sszekapcsolni a felhaszn\u00e1l\u00f3 aktu\u00e1lis l\u00e1togat\u00e1s\u00e1t a\u00a0kor\u00e1bbiakkal, de kiz\u00e1r\u00f3lag a saj\u00e1t tartalma tekintet\u00e9ben.\u00a0A s\u00fctit a felhaszn\u00e1l\u00f3 k\u00e9pes t\u00f6r\u00f6lni saj\u00e1t sz\u00e1m\u00edt\u00f3g\u00e9p\u00e9r\u0151l, illetve letilthatja b\u00f6ng\u00e9sz\u0151j\u00e9ben a s\u00fctik\u00a0alkalmaz\u00e1s\u00e1t. A s\u00fctik kezel\u00e9s\u00e9re \u00e1ltal\u00e1ban a b\u00f6ng\u00e9sz\u0151k Eszk\u00f6z\u00f6k\/Be\u00e1ll\u00edt\u00e1sok men\u00fcj\u00e9ben az\u00a0Adatv\u00e9delem be\u00e1ll\u00edt\u00e1sai alatt, cookie vagy s\u00fcti megnevez\u00e9ssel van lehet\u0151s\u00e9g.\u00a0Az adatf\u00e1jlok haszn\u00e1lat\u00e1nak eredm\u00e9nyek\u00e9ppen az adatkezel\u0151h\u00f6z ker\u00fclt adatokat az adatkezel\u0151\u00a0nem kapcsolja az adott felhaszn\u00e1l\u00f3 azonos\u00edt\u00f3 adataihoz.\u00a0\u00a0Az \u00fan. session cookie-k a cookie-kban be\u00e1ll\u00edtott hat\u00e1rid\u0151 v\u00e9g\u00e9vel automatikusan t\u00f6rl\u0151dnek.\u00a0A felhaszn\u00e1l\u00f3nak b\u00f6ng\u00e9sz\u0151j\u00e9ben a cookie-k vonatkoz\u00e1s\u00e1ban az al\u00e1bbi lehet\u0151s\u00e9gei vannak:<\/p><ol><li>\u00e9rtes\u00edt\u00e9st kap arr\u00f3l, ha az adatkezel\u0151 cookie-t k\u00edv\u00e1n elhelyezni a sz\u00e1m\u00edt\u00f3g\u00e9p\u00e9n<\/li><li>a cookie-k k\u00fcld\u00e9s\u00e9t b\u00e1rmikor megtilthatja<\/li><\/ol><p>E k\u00f6rben kiemelend\u0151, hogy a cookie-k el nem fogad\u00e1sa azt eredm\u00e9nyezi, hogy ezzel\u00a0\u00f6sszef\u00fcgg\u00e9sben bizonyos oldalak vagy funkci\u00f3k nem m\u0171k\u00f6dnek megfelel\u0151en, valamint\u00a0lehets\u00e9ges, hogy a felhaszn\u00e1l\u00f3 nem kap jogosults\u00e1got bizonyos adatokhoz val\u00f3 hozz\u00e1f\u00e9r\u00e9shez.<\/p>\t\t\t\t\t\t\t\t<\/div>\n\t\t\t\t<\/div>\n\t\t\t\t\t<\/div>\n\t\t\t\t<\/div>\n\t\t\t\t<\/div>","protected":false},"excerpt":{"rendered":"<p>A k\u00fcls\u0151 szolg\u00e1ltat\u00f3k a testre szabott kiszolg\u00e1l\u00e1s \u00e9rdek\u00e9ben a felhaszn\u00e1l\u00f3 sz\u00e1m\u00edt\u00f3g\u00e9p\u00e9n kis adatcsomagot, \u00fan. s\u00fctit (cookie) helyeznek el \u00e9s olvasnak [&hellip;]<\/p>","protected":false},"author":1,"featured_media":0,"parent":0,"menu_order":0,"comment_status":"closed","ping_status":"closed","template":"","meta":{"_siteseo_robots_primary_cat":"","site-sidebar-layout":"no-sidebar","site-content-layout":"","ast-site-content-layout":"full-width-container","site-content-style":"default","site-sidebar-style":"default","ast-global-header-display":"","ast-banner-title-visibility":"","ast-main-header-display":"","ast-hfb-above-header-display":"","ast-hfb-below-header-display":"","ast-hfb-mobile-header-display":"","site-post-title":"disabled","ast-breadcrumbs-content":"","ast-featured-img":"disabled","footer-sml-layout":"","theme-transparent-header-meta":"","adv-header-id-meta":"","stick-header-meta":"","header-above-stick-meta":"","header-main-stick-meta":"","header-below-stick-meta":"","astra-migrate-meta-layouts":"default","ast-page-background-enabled":"default","ast-page-background-meta":{"desktop":{"background-color":"var(--ast-global-color-5)","background-image":"","background-repeat":"repeat","background-position":"center center","background-size":"auto","background-attachment":"scroll","background-type":"","background-media":"","overlay-type":"","overlay-color":"","overlay-opacity":"","overlay-gradient":""},"tablet":{"background-color":"","background-image":"","background-repeat":"repeat","background-position":"center center","background-size":"auto","background-attachment":"scroll","background-type":"","background-media":"","overlay-type":"","overlay-color":"","overlay-opacity":"","overlay-gradient":""},"mobile":{"background-color":"","background-image":"","background-repeat":"repeat","background-position":"center center","background-size":"auto","background-attachment":"scroll","background-type":"","background-media":"","overlay-type":"","overlay-color":"","overlay-opacity":"","overlay-gradient":""}},"ast-content-background-meta":{"desktop":{"background-color":"var(--ast-global-color-4)","background-image":"","background-repeat":"repeat","background-position":"center center","background-size":"auto","background-attachment":"scroll","background-type":"","background-media":"","overlay-type":"","overlay-color":"","overlay-opacity":"","overlay-gradient":""},"tablet":{"background-color":"var(--ast-global-color-4)","background-image":"","background-repeat":"repeat","background-position":"center center","background-size":"auto","background-attachment":"scroll","background-type":"","background-media":"","overlay-type":"","overlay-color":"","overlay-opacity":"","overlay-gradient":""},"mobile":{"background-color":"var(--ast-global-color-4)","background-image":"","background-repeat":"repeat","background-position":"center center","background-size":"auto","background-attachment":"scroll","background-type":"","background-media":"","overlay-type":"","overlay-color":"","overlay-opacity":"","overlay-gradient":""}},"footnotes":""},"class_list":["post-322","page","type-page","status-publish","hentry"],"_links":{"self":[{"href":"https:\/\/stellaspizzaprivatechef.com\/en\/wp-json\/wp\/v2\/pages\/322","targetHints":{"allow":["GET"]}}],"collection":[{"href":"https:\/\/stellaspizzaprivatechef.com\/en\/wp-json\/wp\/v2\/pages"}],"about":[{"href":"https:\/\/stellaspizzaprivatechef.com\/en\/wp-json\/wp\/v2\/types\/page"}],"author":[{"embeddable":true,"href":"https:\/\/stellaspizzaprivatechef.com\/en\/wp-json\/wp\/v2\/users\/1"}],"replies":[{"embeddable":true,"href":"https:\/\/stellaspizzaprivatechef.com\/en\/wp-json\/wp\/v2\/comments?post=322"}],"version-history":[{"count":7,"href":"https:\/\/stellaspizzaprivatechef.com\/en\/wp-json\/wp\/v2\/pages\/322\/revisions"}],"predecessor-version":[{"id":631,"href":"https:\/\/stellaspizzaprivatechef.com\/en\/wp-json\/wp\/v2\/pages\/322\/revisions\/631"}],"wp:attachment":[{"href":"https:\/\/stellaspizzaprivatechef.com\/en\/wp-json\/wp\/v2\/media?parent=322"}],"curies":[{"name":"wp","href":"https:\/\/api.w.org\/{rel}","templated":true}]}}