{"id":357,"date":"2025-01-29T09:12:27","date_gmt":"2025-01-29T09:12:27","guid":{"rendered":"https:\/\/stellaspizzaprivatechef.com\/?page_id=357"},"modified":"2025-02-25T13:09:42","modified_gmt":"2025-02-25T13:09:42","slug":"pizza-academy","status":"publish","type":"page","link":"https:\/\/stellaspizzaprivatechef.com\/en\/pizza-academy\/","title":{"rendered":"Pizza Academy"},"content":{"rendered":"<div data-elementor-type=\"wp-page\" data-elementor-id=\"357\" class=\"elementor elementor-357\">\n\t\t\t\t<div class=\"elementor-element elementor-element-df69345 e-flex e-con-boxed e-con e-parent\" data-id=\"df69345\" data-element_type=\"container\">\n\t\t\t\t\t<div class=\"e-con-inner\">\n\t\t\t\t<div class=\"elementor-element elementor-element-e94e2ce elementor-widget elementor-widget-image\" data-id=\"e94e2ce\" data-element_type=\"widget\" data-widget_type=\"image.default\">\n\t\t\t\t<div class=\"elementor-widget-container\">\n\t\t\t\t\t\t\t\t\t\t\t\t\t\t\t<img fetchpriority=\"high\" decoding=\"async\" width=\"1024\" height=\"569\" src=\"https:\/\/stellaspizzaprivatechef.com\/wp-content\/uploads\/2025\/02\/Stella-private-chef-1024x569.png\" class=\"attachment-large size-large wp-image-590\" alt=\"Stella a konyh\u00e1ban elk\u00e9sz\u00fclt pizz\u00e1val.\" srcset=\"https:\/\/stellaspizzaprivatechef.com\/wp-content\/uploads\/2025\/02\/Stella-private-chef-1024x569.png 1024w, https:\/\/stellaspizzaprivatechef.com\/wp-content\/uploads\/2025\/02\/Stella-private-chef-300x167.png 300w, https:\/\/stellaspizzaprivatechef.com\/wp-content\/uploads\/2025\/02\/Stella-private-chef-768x427.png 768w, https:\/\/stellaspizzaprivatechef.com\/wp-content\/uploads\/2025\/02\/Stella-private-chef-18x10.png 18w, https:\/\/stellaspizzaprivatechef.com\/wp-content\/uploads\/2025\/02\/Stella-private-chef.png 1280w\" sizes=\"(max-width: 1024px) 100vw, 1024px\" \/>\t\t\t\t\t\t\t\t\t\t\t\t\t\t\t<\/div>\n\t\t\t\t<\/div>\n\t\t\t\t<div class=\"elementor-element elementor-element-4f71acf elementor-widget elementor-widget-text-editor\" data-id=\"4f71acf\" data-element_type=\"widget\" data-widget_type=\"text-editor.default\">\n\t\t\t\t<div class=\"elementor-widget-container\">\n\t\t\t\t\t\t\t\t\t<p dir=\"ltr\">Pizza Academy Stell\u00e1val \u2013 ahol a n\u00e1polyi pizza szenved\u00e9lly\u00e9 v\u00e1lik!<\/p><p dir=\"ltr\">L\u00e9pj be a n\u00e1polyi pizza autentikus vil\u00e1g\u00e1ba, ahol a hagyom\u00e1ny \u00e9s a modern technika tal\u00e1lkozik! A Pizza Academy nem csup\u00e1n egy workshop \u2013 egy felejthetetlen gasztron\u00f3miai \u00e9lm\u00e9ny, ahol a pizzak\u00e9sz\u00edt\u00e9s m\u0171v\u00e9szet\u00e9t els\u0151 k\u00e9zb\u0151l saj\u00e1t\u00edthatod el.<\/p><p dir=\"ltr\">Interakt\u00edv foglalkoz\u00e1sainkon te is megtapasztalhatod, milyen \u00e9rz\u00e9s igazi n\u00e1polyi pizz\u00e1t k\u00e9sz\u00edteni \u2013 a t\u00e9szta dagaszt\u00e1s\u00e1t\u00f3l a forr\u00f3 kemenc\u00e9ig, l\u00e9p\u00e9sr\u0151l l\u00e9p\u00e9sre. Egy\u00fctt ny\u00fajtunk, bucizunk, felt\u00e9tez\u00fcnk, \u00e9s v\u00e9g\u00fcl megs\u00fctj\u00fck a t\u00f6k\u00e9letes, k\u00edv\u00fcl ropog\u00f3s, bel\u00fcl puha pizz\u00e1t. Ak\u00e1r feln\u0151ttk\u00e9nt m\u00e9ly\u00fcln\u00e9l el a pizza titkaiban, ak\u00e1r egy gyerekprogram keret\u00e9ben pr\u00f3b\u00e1ln\u00e1d ki magad, n\u00e1lunk mindenki megtal\u00e1lja a hely\u00e9t.<\/p><p dir=\"ltr\">\u00c9ttermet vezetsz? Szakmai tan\u00e1csad\u00e1sommal seg\u00edtek, hogy a pizz\u00e1d ne csak finom legyen, hanem felejthetetlen \u00e9lm\u00e9nyt ny\u00fajtson vend\u00e9geid sz\u00e1m\u00e1ra. A pizzak\u00e9sz\u00edt\u00e9s minden apr\u00f3 r\u00e9szlet\u00e9t megosztom veled \u2013 a t\u00f6k\u00e9letes t\u00e9sztareceptt\u0151l a s\u00fct\u00e9si technik\u00e1ig.<\/p><p dir=\"ltr\">A Pizza Academy Stell\u00e1val t\u00f6bb mint egy tanfolyam \u2013 ez egy k\u00f6z\u00f6ss\u00e9gi \u00e9lm\u00e9ny, ahol a pizza ir\u00e1nti szenved\u00e9ly, a trad\u00edci\u00f3k tisztelete \u00e9s a j\u00f3 hangulat tal\u00e1lkozik. Csatlakozz hozz\u00e1m, \u00e9s fedezd fel a n\u00e1polyi pizza igazi var\u00e1zs\u00e1t!<\/p><p dir=\"ltr\">K\u00e9szen \u00e1llsz, hogy te is mester\u00e9v\u00e9 v\u00e1lj a n\u00e1polyi pizz\u00e1nak? V\u00e1runk szeretettel a Pizza Academy-ben!<\/p>\t\t\t\t\t\t\t\t<\/div>\n\t\t\t\t<\/div>\n\t\t\t\t\t<\/div>\n\t\t\t\t<\/div>\n\t\t\t\t<\/div>","protected":false},"excerpt":{"rendered":"<p>Pizza Academy Stell\u00e1val \u2013 ahol a n\u00e1polyi pizza szenved\u00e9lly\u00e9 v\u00e1lik! L\u00e9pj be a n\u00e1polyi pizza autentikus vil\u00e1g\u00e1ba, ahol a hagyom\u00e1ny [&hellip;]<\/p>","protected":false},"author":1,"featured_media":590,"parent":0,"menu_order":0,"comment_status":"closed","ping_status":"closed","template":"","meta":{"_siteseo_robots_primary_cat":"","site-sidebar-layout":"no-sidebar","site-content-layout":"","ast-site-content-layout":"full-width-container","site-content-style":"default","site-sidebar-style":"default","ast-global-header-display":"","ast-banner-title-visibility":"","ast-main-header-display":"","ast-hfb-above-header-display":"","ast-hfb-below-header-display":"","ast-hfb-mobile-header-display":"","site-post-title":"disabled","ast-breadcrumbs-content":"","ast-featured-img":"disabled","footer-sml-layout":"","theme-transparent-header-meta":"default","adv-header-id-meta":"","stick-header-meta":"","header-above-stick-meta":"","header-main-stick-meta":"","header-below-stick-meta":"","astra-migrate-meta-layouts":"set","ast-page-background-enabled":"default","ast-page-background-meta":{"desktop":{"background-color":"var(--ast-global-color-5)","background-image":"","background-repeat":"repeat","background-position":"center center","background-size":"auto","background-attachment":"scroll","background-type":"","background-media":"","overlay-type":"","overlay-color":"","overlay-opacity":"","overlay-gradient":""},"tablet":{"background-color":"","background-image":"","background-repeat":"repeat","background-position":"center center","background-size":"auto","background-attachment":"scroll","background-type":"","background-media":"","overlay-type":"","overlay-color":"","overlay-opacity":"","overlay-gradient":""},"mobile":{"background-color":"","background-image":"","background-repeat":"repeat","background-position":"center center","background-size":"auto","background-attachment":"scroll","background-type":"","background-media":"","overlay-type":"","overlay-color":"","overlay-opacity":"","overlay-gradient":""}},"ast-content-background-meta":{"desktop":{"background-color":"var(--ast-global-color-4)","background-image":"","background-repeat":"repeat","background-position":"center center","background-size":"auto","background-attachment":"scroll","background-type":"","background-media":"","overlay-type":"","overlay-color":"","overlay-opacity":"","overlay-gradient":""},"tablet":{"background-color":"var(--ast-global-color-4)","background-image":"","background-repeat":"repeat","background-position":"center center","background-size":"auto","background-attachment":"scroll","background-type":"","background-media":"","overlay-type":"","overlay-color":"","overlay-opacity":"","overlay-gradient":""},"mobile":{"background-color":"var(--ast-global-color-4)","background-image":"","background-repeat":"repeat","background-position":"center center","background-size":"auto","background-attachment":"scroll","background-type":"","background-media":"","overlay-type":"","overlay-color":"","overlay-opacity":"","overlay-gradient":""}},"footnotes":""},"class_list":["post-357","page","type-page","status-publish","has-post-thumbnail","hentry"],"_links":{"self":[{"href":"https:\/\/stellaspizzaprivatechef.com\/en\/wp-json\/wp\/v2\/pages\/357","targetHints":{"allow":["GET"]}}],"collection":[{"href":"https:\/\/stellaspizzaprivatechef.com\/en\/wp-json\/wp\/v2\/pages"}],"about":[{"href":"https:\/\/stellaspizzaprivatechef.com\/en\/wp-json\/wp\/v2\/types\/page"}],"author":[{"embeddable":true,"href":"https:\/\/stellaspizzaprivatechef.com\/en\/wp-json\/wp\/v2\/users\/1"}],"replies":[{"embeddable":true,"href":"https:\/\/stellaspizzaprivatechef.com\/en\/wp-json\/wp\/v2\/comments?post=357"}],"version-history":[{"count":11,"href":"https:\/\/stellaspizzaprivatechef.com\/en\/wp-json\/wp\/v2\/pages\/357\/revisions"}],"predecessor-version":[{"id":596,"href":"https:\/\/stellaspizzaprivatechef.com\/en\/wp-json\/wp\/v2\/pages\/357\/revisions\/596"}],"wp:featuredmedia":[{"embeddable":true,"href":"https:\/\/stellaspizzaprivatechef.com\/en\/wp-json\/wp\/v2\/media\/590"}],"wp:attachment":[{"href":"https:\/\/stellaspizzaprivatechef.com\/en\/wp-json\/wp\/v2\/media?parent=357"}],"curies":[{"name":"wp","href":"https:\/\/api.w.org\/{rel}","templated":true}]}}