{"id":86,"date":"2025-01-09T15:22:51","date_gmt":"2025-01-09T15:22:51","guid":{"rendered":"https:\/\/stellaspizzaprivatechef.com\/about\/"},"modified":"2025-03-01T09:51:05","modified_gmt":"2025-03-01T09:51:05","slug":"private-chef","status":"publish","type":"page","link":"https:\/\/stellaspizzaprivatechef.com\/en\/private-chef\/","title":{"rendered":"Private Chef"},"content":{"rendered":"<div data-elementor-type=\"wp-page\" data-elementor-id=\"86\" class=\"elementor elementor-86\">\n\t\t\t\t<div class=\"elementor-element elementor-element-671dc61 e-flex e-con-boxed e-con e-parent\" data-id=\"671dc61\" data-element_type=\"container\">\n\t\t\t\t\t<div class=\"e-con-inner\">\n\t\t<div class=\"elementor-element elementor-element-80c2238 e-con-full e-flex e-con e-child\" data-id=\"80c2238\" data-element_type=\"container\">\n\t\t\t\t<div class=\"elementor-element elementor-element-de2207f elementor-widget elementor-widget-image\" data-id=\"de2207f\" data-element_type=\"widget\" data-widget_type=\"image.default\">\n\t\t\t\t<div class=\"elementor-widget-container\">\n\t\t\t\t\t\t\t\t\t\t\t\t\t\t\t<img fetchpriority=\"high\" decoding=\"async\" width=\"1016\" height=\"624\" src=\"https:\/\/stellaspizzaprivatechef.com\/wp-content\/uploads\/2025\/02\/Kepcsere3.png\" class=\"attachment-large size-large wp-image-532\" alt=\"\" srcset=\"https:\/\/stellaspizzaprivatechef.com\/wp-content\/uploads\/2025\/02\/Kepcsere3.png 1016w, https:\/\/stellaspizzaprivatechef.com\/wp-content\/uploads\/2025\/02\/Kepcsere3-300x184.png 300w, https:\/\/stellaspizzaprivatechef.com\/wp-content\/uploads\/2025\/02\/Kepcsere3-768x472.png 768w, https:\/\/stellaspizzaprivatechef.com\/wp-content\/uploads\/2025\/02\/Kepcsere3-18x12.png 18w\" sizes=\"(max-width: 1016px) 100vw, 1016px\" \/>\t\t\t\t\t\t\t\t\t\t\t\t\t\t\t<\/div>\n\t\t\t\t<\/div>\n\t\t\t\t<\/div>\n\t\t\t\t<div class=\"elementor-element elementor-element-a74d896 elementor-widget__width-inherit elementor-widget elementor-widget-text-editor\" data-id=\"a74d896\" data-element_type=\"widget\" data-widget_type=\"text-editor.default\">\n\t\t\t\t<div class=\"elementor-widget-container\">\n\t\t\t\t\t\t\t\t\t<h3><b>Unique gastronomic experience for family, friends and corporate events<\/b><\/h3><p><span style=\"font-weight: 400;\">My events combine the art and passion of Neapolitan pizza with premium quality ingredients and sophisticated technology. I use only carefully selected, original Italian ingredients, and my pizzas are made with pre-dough and\/or sourdough, with a minimum of 48 hours of long ageing.<\/span><\/p><p><span style=\"font-weight: 400;\">The slow fermentation process helps to create a stronger, more elastic chicory structure, which makes the pizza dough crispy on the outside and soft and airy on the inside. The natural work of lactic acid bacteria and micro-organisms makes the pizza easier to digest, while providing a rich, complex flavour.<\/span><\/p><p><b>Why choose me?<br \/><\/b><span style=\"font-weight: 400;\">For me, pizza is more than a simple dish - it's an art that I share with my guests with expertise and passion.<br \/><\/span><\/p><p><span style=\"font-weight: 400;\">My events offer a unique culinary journey where guests can not only enjoy the taste of Neapolitan pizza, but also learn about its history. In a relaxed and fun atmosphere, I will share the interesting facts about the Neapolitan pizza culture, tell you about the centuries-old traditions and give you an insight into the secrets behind the pizza making process.<\/span><\/p><p><b>Interactive experience for all participants<br \/><\/b><span style=\"font-weight: 400;\">During the events, guests can observe the pizza making process, ask questions and even try their hand at being a pizza chef. In a friendly atmosphere, flavours and fun are in perfect harmony.<\/span><\/p><p><b>My goal<br \/><\/b><span style=\"font-weight: 400;\">To provide a lasting experience for all participants: not only the enjoyment of authentic Neapolitan pizza, but also the history and traditions of the region. It is an experience that entertains, enriches and delights, whether it is a family, friendly or corporate event.<\/span><\/p><p><span style=\"font-weight: 400;\">Enter the world of Neapolitan pizza with me and make your next event special!<\/span><\/p>\t\t\t\t\t\t\t\t<\/div>\n\t\t\t\t<\/div>\n\t\t\t\t\t<\/div>\n\t\t\t\t<\/div>\n\t\t<div class=\"elementor-element elementor-element-798c7f3 e-flex e-con-boxed e-con e-parent\" data-id=\"798c7f3\" data-element_type=\"container\" data-settings=\"{&quot;background_background&quot;:&quot;classic&quot;}\">\n\t\t\t\t\t<div class=\"e-con-inner\">\n\t\t\t\t<div class=\"elementor-element elementor-element-9e21bea elementor-align-center elementor-widget__width-inherit elementor-widget elementor-widget-button\" data-id=\"9e21bea\" data-element_type=\"widget\" data-widget_type=\"button.default\">\n\t\t\t\t<div class=\"elementor-widget-container\">\n\t\t\t\t\t\t\t\t\t<div class=\"elementor-button-wrapper\">\n\t\t\t\t\t<a class=\"elementor-button elementor-button-link elementor-size-sm\" href=\"https:\/\/stellaspizzaprivatechef.com\/en\/kapcsolat\/\" target=\"_blank\">\n\t\t\t\t\t\t<span class=\"elementor-button-content-wrapper\">\n\t\t\t\t\t\t\t\t\t<span class=\"elementor-button-text\">I am interested in<\/span>\n\t\t\t\t\t<\/span>\n\t\t\t\t\t<\/a>\n\t\t\t\t<\/div>\n\t\t\t\t\t\t\t\t<\/div>\n\t\t\t\t<\/div>\n\t\t\t\t\t<\/div>\n\t\t\t\t<\/div>\n\t\t\t\t<\/div>","protected":false},"excerpt":{"rendered":"<p>Egyed\u00fcl\u00e1ll\u00f3 gasztron\u00f3miai \u00e9lm\u00e9ny csal\u00e1di, bar\u00e1ti \u00e9s c\u00e9ges rendezv\u00e9nyeken Rendezv\u00e9nyeimen a n\u00e1polyi pizza m\u0171v\u00e9szete \u00e9s szenved\u00e9lye tal\u00e1lkozik a pr\u00e9mium min\u0151s\u00e9g\u0171 alapanyagokkal [&hellip;]<\/p>","protected":false},"author":1,"featured_media":532,"parent":0,"menu_order":0,"comment_status":"closed","ping_status":"closed","template":"","meta":{"_siteseo_robots_primary_cat":"","site-sidebar-layout":"default","site-content-layout":"","ast-site-content-layout":"default","site-content-style":"default","site-sidebar-style":"default","ast-global-header-display":"","ast-banner-title-visibility":"","ast-main-header-display":"","ast-hfb-above-header-display":"","ast-hfb-below-header-display":"","ast-hfb-mobile-header-display":"","site-post-title":"","ast-breadcrumbs-content":"","ast-featured-img":"disabled","footer-sml-layout":"","theme-transparent-header-meta":"default","adv-header-id-meta":"","stick-header-meta":"","header-above-stick-meta":"","header-main-stick-meta":"","header-below-stick-meta":"","astra-migrate-meta-layouts":"set","ast-page-background-enabled":"default","ast-page-background-meta":{"desktop":{"background-color":"var(--ast-global-color-5)","background-image":"","background-repeat":"repeat","background-position":"center center","background-size":"auto","background-attachment":"scroll","background-type":"","background-media":"","overlay-type":"","overlay-color":"","overlay-opacity":"","overlay-gradient":""},"tablet":{"background-color":"","background-image":"","background-repeat":"repeat","background-position":"center center","background-size":"auto","background-attachment":"scroll","background-type":"","background-media":"","overlay-type":"","overlay-color":"","overlay-opacity":"","overlay-gradient":""},"mobile":{"background-color":"","background-image":"","background-repeat":"repeat","background-position":"center center","background-size":"auto","background-attachment":"scroll","background-type":"","background-media":"","overlay-type":"","overlay-color":"","overlay-opacity":"","overlay-gradient":""}},"ast-content-background-meta":{"desktop":{"background-color":"var(--ast-global-color-4)","background-image":"","background-repeat":"repeat","background-position":"center center","background-size":"auto","background-attachment":"scroll","background-type":"","background-media":"","overlay-type":"","overlay-color":"","overlay-opacity":"","overlay-gradient":""},"tablet":{"background-color":"var(--ast-global-color-4)","background-image":"","background-repeat":"repeat","background-position":"center center","background-size":"auto","background-attachment":"scroll","background-type":"","background-media":"","overlay-type":"","overlay-color":"","overlay-opacity":"","overlay-gradient":""},"mobile":{"background-color":"var(--ast-global-color-4)","background-image":"","background-repeat":"repeat","background-position":"center center","background-size":"auto","background-attachment":"scroll","background-type":"","background-media":"","overlay-type":"","overlay-color":"","overlay-opacity":"","overlay-gradient":""}},"footnotes":""},"class_list":["post-86","page","type-page","status-publish","has-post-thumbnail","hentry"],"_links":{"self":[{"href":"https:\/\/stellaspizzaprivatechef.com\/en\/wp-json\/wp\/v2\/pages\/86","targetHints":{"allow":["GET"]}}],"collection":[{"href":"https:\/\/stellaspizzaprivatechef.com\/en\/wp-json\/wp\/v2\/pages"}],"about":[{"href":"https:\/\/stellaspizzaprivatechef.com\/en\/wp-json\/wp\/v2\/types\/page"}],"author":[{"embeddable":true,"href":"https:\/\/stellaspizzaprivatechef.com\/en\/wp-json\/wp\/v2\/users\/1"}],"replies":[{"embeddable":true,"href":"https:\/\/stellaspizzaprivatechef.com\/en\/wp-json\/wp\/v2\/comments?post=86"}],"version-history":[{"count":71,"href":"https:\/\/stellaspizzaprivatechef.com\/en\/wp-json\/wp\/v2\/pages\/86\/revisions"}],"predecessor-version":[{"id":638,"href":"https:\/\/stellaspizzaprivatechef.com\/en\/wp-json\/wp\/v2\/pages\/86\/revisions\/638"}],"wp:featuredmedia":[{"embeddable":true,"href":"https:\/\/stellaspizzaprivatechef.com\/en\/wp-json\/wp\/v2\/media\/532"}],"wp:attachment":[{"href":"https:\/\/stellaspizzaprivatechef.com\/en\/wp-json\/wp\/v2\/media?parent=86"}],"curies":[{"name":"wp","href":"https:\/\/api.w.org\/{rel}","templated":true}]}}